{"id":382,"date":"2016-10-20T09:34:41","date_gmt":"2016-10-20T14:34:41","guid":{"rendered":"https:\/\/xorkun.com\/?page_id=2"},"modified":"2016-10-20T09:34:41","modified_gmt":"2016-10-20T14:34:41","slug":"la-empresa","status":"publish","type":"page","link":"https:\/\/streetal.mx\/attention\/index.php\/la-empresa\/","title":{"rendered":"Qui\u00e9nes somos"},"content":{"rendered":"<p><img decoding=\"async\" src=\"https:\/\/streetal.mx\/attention\/wp-content\/themes\/newsmag-1\/assets\/images\/grey.gif\" data-original=\"https:\/\/xorkun.com\/wp-content\/uploads\/2016\/10\/attn-logo-pinto-amarillo.png\" alt=\"attn-logo-pinto-amarillo\" \/><noscript><img decoding=\"async\" src=\"https:\/\/xorkun.com\/wp-content\/uploads\/2016\/10\/attn-logo-pinto-amarillo.png\" alt=\"attn-logo-pinto-amarillo\" \/><\/noscript><\/p>\n<h3>Nuestro enfoque<\/h3>\n<p>Somos una plataforma dedicada a comunicar los acontecimientos y fen\u00f3menos sociales, culturales y de consumo\u00a0de la vida urbana, no s\u00f3lo de M\u00e9xico, tambi\u00e9n de otras partes del mundo. Somos parte del grupo\u00a0Active Lifestyle SA de CV, creador de\u00a0<em>STREET Active Lifestyle<\/em>.<\/p>\n<h3>Nuestra historia<\/h3>\n<p>Provenimos de un legado editorial impreso iniciado en el a\u00f1o 2007 con la revista\u00a0<em>CANVAS La cultura del tenis<\/em>, la primera plataforma impresa en M\u00e9xico en realizar periodismo de las denominadas\u00a0<em>Sneaker Culture<\/em>\u00a0y\u00a0<em>Street Culture<\/em>, posteriormente renombrada en el a\u00f1o 2011 como\u00a0<a href=\"http:\/\/streetal.mx\/\"><em>STREET Active Lifestyle<\/em><\/a>, que actualmente se aboca a la documentaci\u00f3n e investigaci\u00f3n de la cultura del graffiti en M\u00e9xico y el mundo.<\/p>\n<h3>Comunica con nosotros<\/h3>\n<p>Si est\u00e1s interesado en activar\u00a0tu marca o producto a trav\u00e9s de ATTENT!ON\u00a0cont\u00e1ctanos:<br \/>\n<a href=\"mailto:info@xorkun.com\" target=\"_self\" rel=\"nofollow noopener\"><br \/>\nEscr\u00edbenos<br \/>\n<\/a><\/p>\n","protected":false},"excerpt":{"rendered":"<p>Nuestro enfoque Somos una plataforma dedicada a comunicar los acontecimientos y fen\u00f3menos sociales, culturales y de consumo\u00a0de la vida urbana, no s\u00f3lo de M\u00e9xico, tambi\u00e9n de otras partes del mundo. Somos parte del grupo\u00a0Active Lifestyle SA de CV, creador de\u00a0STREET Active Lifestyle. Nuestra historia Provenimos de un legado editorial impreso iniciado en el a\u00f1o 2007 [&hellip;]<\/p>\n","protected":false},"author":2,"featured_media":0,"parent":0,"menu_order":0,"comment_status":"closed","ping_status":"closed","template":"","meta":{"_monsterinsights_skip_tracking":false,"_monsterinsights_sitenote_active":false,"_monsterinsights_sitenote_note":"","_monsterinsights_sitenote_category":0,"footnotes":""},"class_list":["post-382","page","type-page","status-publish","hentry"],"aioseo_notices":[],"_links":{"self":[{"href":"https:\/\/streetal.mx\/attention\/index.php\/wp-json\/wp\/v2\/pages\/382","targetHints":{"allow":["GET"]}}],"collection":[{"href":"https:\/\/streetal.mx\/attention\/index.php\/wp-json\/wp\/v2\/pages"}],"about":[{"href":"https:\/\/streetal.mx\/attention\/index.php\/wp-json\/wp\/v2\/types\/page"}],"author":[{"embeddable":true,"href":"https:\/\/streetal.mx\/attention\/index.php\/wp-json\/wp\/v2\/users\/2"}],"replies":[{"embeddable":true,"href":"https:\/\/streetal.mx\/attention\/index.php\/wp-json\/wp\/v2\/comments?post=382"}],"version-history":[{"count":0,"href":"https:\/\/streetal.mx\/attention\/index.php\/wp-json\/wp\/v2\/pages\/382\/revisions"}],"wp:attachment":[{"href":"https:\/\/streetal.mx\/attention\/index.php\/wp-json\/wp\/v2\/media?parent=382"}],"curies":[{"name":"wp","href":"https:\/\/api.w.org\/{rel}","templated":true}]}}